{"id":9080,"date":"2024-12-03T12:12:32","date_gmt":"2024-12-03T12:12:32","guid":{"rendered":"https:\/\/www.arete.eu\/nas-tym\/"},"modified":"2025-12-29T04:56:07","modified_gmt":"2025-12-29T04:56:07","slug":"nas-tym","status":"publish","type":"page","link":"https:\/\/www.arete.eu\/cs\/nas-tym\/","title":{"rendered":"N\u00e1\u0161 t\u00fdm"},"content":{"rendered":"\t\t<div data-elementor-type=\"wp-page\" data-elementor-id=\"9080\" class=\"elementor elementor-9080 elementor-2610\">\n\t\t\t\t<div class=\"elementor-element elementor-element-82047e4 bread-custm e-flex e-con-boxed wpr-particle-no wpr-jarallax-no wpr-parallax-no wpr-sticky-section-no e-con e-parent\" data-id=\"82047e4\" data-element_type=\"container\" data-e-type=\"container\" data-settings=\"{&quot;background_background&quot;:&quot;classic&quot;}\">\n\t\t\t\t\t<div class=\"e-con-inner\">\n\t\t\t\t<div class=\"elementor-element elementor-element-2ec9717 elementor-widget elementor-widget-heading\" data-id=\"2ec9717\" data-element_type=\"widget\" data-e-type=\"widget\" data-widget_type=\"heading.default\">\n\t\t\t\t<div class=\"elementor-widget-container\">\n\t\t\t\t\t<h1 class=\"elementor-heading-title elementor-size-default\">N\u00e1\u0161 t\u00fdm<\/h1>\t\t\t\t<\/div>\n\t\t\t\t<\/div>\n\t\t\t\t<div class=\"elementor-element elementor-element-49f8ef1 e-grid-align-left elementor-shape-rounded elementor-grid-0 elementor-widget elementor-widget-social-icons\" data-id=\"49f8ef1\" data-element_type=\"widget\" data-e-type=\"widget\" data-widget_type=\"social-icons.default\">\n\t\t\t\t<div class=\"elementor-widget-container\">\n\t\t\t\t\t\t\t<div class=\"elementor-social-icons-wrapper elementor-grid\" role=\"list\">\n\t\t\t\t\t\t\t<span class=\"elementor-grid-item\" role=\"listitem\">\n\t\t\t\t\t<a class=\"elementor-icon elementor-social-icon elementor-social-icon-linkedin-in elementor-repeater-item-dea5b21\" href=\"https:\/\/www.linkedin.com\/company\/arete-real-estate-funds\/?viewAsMember=true\" target=\"_blank\">\n\t\t\t\t\t\t<span class=\"elementor-screen-only\">Linkedin-in<\/span>\n\t\t\t\t\t\t<svg aria-hidden=\"true\" class=\"e-font-icon-svg e-fab-linkedin-in\" viewBox=\"0 0 448 512\" xmlns=\"http:\/\/www.w3.org\/2000\/svg\"><path d=\"M100.28 448H7.4V148.9h92.88zM53.79 108.1C24.09 108.1 0 83.5 0 53.8a53.79 53.79 0 0 1 107.58 0c0 29.7-24.1 54.3-53.79 54.3zM447.9 448h-92.68V302.4c0-34.7-.7-79.2-48.29-79.2-48.29 0-55.69 37.7-55.69 76.7V448h-92.78V148.9h89.08v40.8h1.3c12.4-23.5 42.69-48.3 87.88-48.3 94 0 111.28 61.9 111.28 142.3V448z\"><\/path><\/svg>\t\t\t\t\t<\/a>\n\t\t\t\t<\/span>\n\t\t\t\t\t\t\t<span class=\"elementor-grid-item\" role=\"listitem\">\n\t\t\t\t\t<a class=\"elementor-icon elementor-social-icon elementor-social-icon-instagram elementor-repeater-item-fd20511\" href=\"https:\/\/www.instagram.com\/areteinvest?igsh=ZTAwNWI2dmtxazkx\" target=\"_blank\">\n\t\t\t\t\t\t<span class=\"elementor-screen-only\">Instagram<\/span>\n\t\t\t\t\t\t<svg aria-hidden=\"true\" class=\"e-font-icon-svg e-fab-instagram\" viewBox=\"0 0 448 512\" xmlns=\"http:\/\/www.w3.org\/2000\/svg\"><path d=\"M224.1 141c-63.6 0-114.9 51.3-114.9 114.9s51.3 114.9 114.9 114.9S339 319.5 339 255.9 287.7 141 224.1 141zm0 189.6c-41.1 0-74.7-33.5-74.7-74.7s33.5-74.7 74.7-74.7 74.7 33.5 74.7 74.7-33.6 74.7-74.7 74.7zm146.4-194.3c0 14.9-12 26.8-26.8 26.8-14.9 0-26.8-12-26.8-26.8s12-26.8 26.8-26.8 26.8 12 26.8 26.8zm76.1 27.2c-1.7-35.9-9.9-67.7-36.2-93.9-26.2-26.2-58-34.4-93.9-36.2-37-2.1-147.9-2.1-184.9 0-35.8 1.7-67.6 9.9-93.9 36.1s-34.4 58-36.2 93.9c-2.1 37-2.1 147.9 0 184.9 1.7 35.9 9.9 67.7 36.2 93.9s58 34.4 93.9 36.2c37 2.1 147.9 2.1 184.9 0 35.9-1.7 67.7-9.9 93.9-36.2 26.2-26.2 34.4-58 36.2-93.9 2.1-37 2.1-147.8 0-184.8zM398.8 388c-7.8 19.6-22.9 34.7-42.6 42.6-29.5 11.7-99.5 9-132.1 9s-102.7 2.6-132.1-9c-19.6-7.8-34.7-22.9-42.6-42.6-11.7-29.5-9-99.5-9-132.1s-2.6-102.7 9-132.1c7.8-19.6 22.9-34.7 42.6-42.6 29.5-11.7 99.5-9 132.1-9s102.7-2.6 132.1 9c19.6 7.8 34.7 22.9 42.6 42.6 11.7 29.5 9 99.5 9 132.1s2.7 102.7-9 132.1z\"><\/path><\/svg>\t\t\t\t\t<\/a>\n\t\t\t\t<\/span>\n\t\t\t\t\t\t\t<span class=\"elementor-grid-item\" role=\"listitem\">\n\t\t\t\t\t<a class=\"elementor-icon elementor-social-icon elementor-social-icon-facebook-f elementor-repeater-item-3e0143d\" href=\"https:\/\/www.facebook.com\/arete.eu\" target=\"_blank\">\n\t\t\t\t\t\t<span class=\"elementor-screen-only\">Facebook-f<\/span>\n\t\t\t\t\t\t<svg aria-hidden=\"true\" class=\"e-font-icon-svg e-fab-facebook-f\" viewBox=\"0 0 320 512\" xmlns=\"http:\/\/www.w3.org\/2000\/svg\"><path d=\"M279.14 288l14.22-92.66h-88.91v-60.13c0-25.35 12.42-50.06 52.24-50.06h40.42V6.26S260.43 0 225.36 0c-73.22 0-121.08 44.38-121.08 124.72v70.62H22.89V288h81.39v224h100.17V288z\"><\/path><\/svg>\t\t\t\t\t<\/a>\n\t\t\t\t<\/span>\n\t\t\t\t\t<\/div>\n\t\t\t\t\t\t<\/div>\n\t\t\t\t<\/div>\n\t\t\t\t\t<\/div>\n\t\t\t\t<\/div>\n\t\t<div class=\"elementor-element elementor-element-5eb7845 e-flex e-con-boxed wpr-particle-no wpr-jarallax-no wpr-parallax-no wpr-sticky-section-no e-con e-parent\" data-id=\"5eb7845\" data-element_type=\"container\" data-e-type=\"container\">\n\t\t\t\t\t<div class=\"e-con-inner\">\n\t\t<div class=\"elementor-element elementor-element-0291c8b e-con-full start-reveal-1 e-flex wpr-particle-no wpr-jarallax-no wpr-parallax-no wpr-sticky-section-no e-con e-child\" data-id=\"0291c8b\" data-element_type=\"container\" data-e-type=\"container\">\n\t\t\t\t<div class=\"elementor-element elementor-element-9198ef9 text-reveal-1 elementor-widget__width-initial elementor-widget elementor-widget-heading\" data-id=\"9198ef9\" data-element_type=\"widget\" data-e-type=\"widget\" data-settings=\"{&quot;_animation&quot;:&quot;none&quot;}\" data-widget_type=\"heading.default\">\n\t\t\t\t<div class=\"elementor-widget-container\">\n\t\t\t\t\t<h3 class=\"elementor-heading-title elementor-size-default\">Management s bohat\u00fdmi zku\u0161enostmi s proch\u00e1zen\u00edm tr\u017en\u00edch cykl\u016f<\/h3>\t\t\t\t<\/div>\n\t\t\t\t<\/div>\n\t\t\t\t<div class=\"elementor-element elementor-element-2500836 elementor-widget__width-initial elementor-widget-tablet__width-initial elementor-widget-mobile__width-initial text-reveal-1-2 elementor-widget elementor-widget-text-editor\" data-id=\"2500836\" data-element_type=\"widget\" data-e-type=\"widget\" data-widget_type=\"text-editor.default\">\n\t\t\t\t<div class=\"elementor-widget-container\">\n\t\t\t\t\t\t\t\t\t<p><strong>Skupina ARETE<\/strong>\u00a0poskytuje p\u0159\u00edstup k alternativn\u00edm \u0159e\u0161en\u00edm prost\u0159ednictv\u00edm specializovan\u00e9ho t\u00fdmu investi\u010dn\u00edch a obchodn\u00edch pracovn\u00edk\u016f. Ka\u017ed\u00e1 z investi\u010dn\u00edch strategi\u00ed ARETE je vedena skupinou zku\u0161en\u00fdch investi\u010dn\u00edch profesion\u00e1l\u016f. Postupem \u010dasu n\u00e1\u0161 t\u00fdm vyvinul investi\u010dn\u00ed \u0159e\u0161en\u00ed, kter\u00e1 spl\u0148uj\u00ed pot\u0159eby na\u0161ich nejn\u00e1ro\u010dn\u011bj\u0161\u00edch klient\u016f. P\u0159\u00edstup ke spr\u00e1v\u011b aktiv zam\u011b\u0159en\u00fd na v\u00fdzkum spolu s pe\u010dlivou prax\u00ed zaji\u0161\u0165uje sd\u00edlen\u00ed znalost\u00ed a n\u00e1pad\u016f nap\u0159\u00ed\u010d na\u0161imi investi\u010dn\u00edmi platformami.<\/p>\t\t\t\t\t\t\t\t<\/div>\n\t\t\t\t<\/div>\n\t\t\t\t<\/div>\n\t\t<div class=\"elementor-element elementor-element-ee7a962 e-con-full start-reveal-2 e-flex wpr-particle-no wpr-jarallax-no wpr-parallax-no wpr-sticky-section-no e-con e-child\" data-id=\"ee7a962\" data-element_type=\"container\" data-e-type=\"container\">\n\t\t<div class=\"elementor-element elementor-element-82ca7b6 e-con-full animated-slow e-flex wpr-particle-no wpr-jarallax-no wpr-parallax-no wpr-sticky-section-no elementor-invisible e-con e-child\" data-id=\"82ca7b6\" data-element_type=\"container\" data-e-type=\"container\" data-settings=\"{&quot;animation&quot;:&quot;fadeInUp&quot;}\">\n\t\t\t\t<div class=\"elementor-element elementor-element-7544843 elementor-widget-mobile__width-initial text-reveal-2-1 elementor-widget elementor-widget-image\" data-id=\"7544843\" data-element_type=\"widget\" data-e-type=\"widget\" data-widget_type=\"image.default\">\n\t\t\t\t<div class=\"elementor-widget-container\">\n\t\t\t\t\t\t\t\t\t\t\t\t\t\t\t<img fetchpriority=\"high\" decoding=\"async\" width=\"543\" height=\"530\" src=\"https:\/\/www.arete.eu\/wp-content\/uploads\/2024\/12\/about-symbol-img.png\" class=\"attachment-full size-full wp-image-6990\" alt=\"\" srcset=\"https:\/\/www.arete.eu\/wp-content\/uploads\/2024\/12\/about-symbol-img.png 543w, https:\/\/www.arete.eu\/wp-content\/uploads\/2024\/12\/about-symbol-img-300x293.png 300w\" sizes=\"(max-width: 543px) 100vw, 543px\" \/>\t\t\t\t\t\t\t\t\t\t\t\t\t\t\t<\/div>\n\t\t\t\t<\/div>\n\t\t\t\t<\/div>\n\t\t\t\t<\/div>\n\t\t\t\t\t<\/div>\n\t\t\t\t<\/div>\n\t\t<div class=\"elementor-element elementor-element-30b0c08 start-reveal-2 e-flex e-con-boxed wpr-particle-no wpr-jarallax-no wpr-parallax-no wpr-sticky-section-no e-con e-parent\" data-id=\"30b0c08\" data-element_type=\"container\" data-e-type=\"container\" data-settings=\"{&quot;background_background&quot;:&quot;classic&quot;}\">\n\t\t\t\t\t<div class=\"e-con-inner\">\n\t\t<div class=\"elementor-element elementor-element-e14f1fb e-con-full e-flex wpr-particle-no wpr-jarallax-no wpr-parallax-no wpr-sticky-section-no e-con e-child\" data-id=\"e14f1fb\" data-element_type=\"container\" data-e-type=\"container\">\n\t\t<div class=\"elementor-element elementor-element-bb57f51 e-con-full text-dec e-flex wpr-particle-no wpr-jarallax-no wpr-parallax-no wpr-sticky-section-no e-con e-child\" data-id=\"bb57f51\" data-element_type=\"container\" data-e-type=\"container\">\n\t\t\t\t<div class=\"elementor-element elementor-element-2d48a8e animated-slow bio-pop-up-1 elementor-position-top elementor-invisible elementor-widget elementor-widget-image-box\" data-id=\"2d48a8e\" data-element_type=\"widget\" data-e-type=\"widget\" data-settings=\"{&quot;_animation&quot;:&quot;fadeInUp&quot;}\" data-widget_type=\"image-box.default\">\n\t\t\t\t<div class=\"elementor-widget-container\">\n\t\t\t\t\t<div class=\"elementor-image-box-wrapper\"><figure class=\"elementor-image-box-img\"><a href=\"http:\/\/bio-pop-up-1\" tabindex=\"-1\"><img decoding=\"async\" width=\"251\" height=\"300\" src=\"https:\/\/www.arete.eu\/wp-content\/uploads\/2024\/12\/Robert-Ides-251x300.webp\" class=\"attachment-medium size-medium wp-image-2628\" alt=\"\" srcset=\"https:\/\/www.arete.eu\/wp-content\/uploads\/2024\/12\/Robert-Ides-251x300.webp 251w, https:\/\/www.arete.eu\/wp-content\/uploads\/2024\/12\/Robert-Ides.webp 434w\" sizes=\"(max-width: 251px) 100vw, 251px\" \/><\/a><\/figure><div class=\"elementor-image-box-content\"><h2 class=\"elementor-image-box-title\"><a href=\"http:\/\/bio-pop-up-1\">Robert Ides<\/a><\/h2><p class=\"elementor-image-box-description\">\u0158\u00edd\u00edc\u00ed partner, spoluzakladatel<\/p><\/div><\/div>\t\t\t\t<\/div>\n\t\t\t\t<\/div>\n\t\t\t\t<\/div>\n\t\t<div class=\"elementor-element elementor-element-43910fa e-con-full text-dec e-flex wpr-particle-no wpr-jarallax-no wpr-parallax-no wpr-sticky-section-no e-con e-child\" data-id=\"43910fa\" data-element_type=\"container\" data-e-type=\"container\">\n\t\t\t\t<div class=\"elementor-element elementor-element-a124099 animated-slow pop-up-Lubor-1 elementor-position-top elementor-invisible elementor-widget elementor-widget-image-box\" data-id=\"a124099\" data-element_type=\"widget\" data-e-type=\"widget\" data-settings=\"{&quot;_animation&quot;:&quot;fadeInUp&quot;,&quot;_animation_delay&quot;:300}\" data-widget_type=\"image-box.default\">\n\t\t\t\t<div class=\"elementor-widget-container\">\n\t\t\t\t\t<div class=\"elementor-image-box-wrapper\"><figure class=\"elementor-image-box-img\"><a href=\"http:\/\/pop-up-Lubor-1\" tabindex=\"-1\"><img decoding=\"async\" width=\"250\" height=\"300\" src=\"https:\/\/www.arete.eu\/wp-content\/uploads\/2025\/02\/Lubor-Svoboda-250x300.webp\" class=\"attachment-medium size-medium wp-image-11507\" alt=\"\" srcset=\"https:\/\/www.arete.eu\/wp-content\/uploads\/2025\/02\/Lubor-Svoboda-250x300.webp 250w, https:\/\/www.arete.eu\/wp-content\/uploads\/2025\/02\/Lubor-Svoboda.webp 431w\" sizes=\"(max-width: 250px) 100vw, 250px\" \/><\/a><\/figure><div class=\"elementor-image-box-content\"><h2 class=\"elementor-image-box-title\"><a href=\"http:\/\/pop-up-Lubor-1\">Lubor Svoboda<\/a><\/h2><p class=\"elementor-image-box-description\"> Partner, spoluzakladatel<\/p><\/div><\/div>\t\t\t\t<\/div>\n\t\t\t\t<\/div>\n\t\t\t\t<\/div>\n\t\t<div class=\"elementor-element elementor-element-e710068 e-con-full text-dec elementor-hidden-mobile e-flex wpr-particle-no wpr-jarallax-no wpr-parallax-no wpr-sticky-section-no e-con e-child\" data-id=\"e710068\" data-element_type=\"container\" data-e-type=\"container\">\n\t\t\t\t<\/div>\n\t\t\t\t<\/div>\n\t\t<div class=\"elementor-element elementor-element-2eb882a e-con-full e-flex wpr-particle-no wpr-jarallax-no wpr-parallax-no wpr-sticky-section-no e-con e-child\" data-id=\"2eb882a\" data-element_type=\"container\" data-e-type=\"container\">\n\t\t<div class=\"elementor-element elementor-element-9dc2630 e-con-full text-dec e-flex wpr-particle-no wpr-jarallax-no wpr-parallax-no wpr-sticky-section-no e-con e-child\" data-id=\"9dc2630\" data-element_type=\"container\" data-e-type=\"container\">\n\t\t\t\t<div class=\"elementor-element elementor-element-6beb70f animated-slow pop-up-Miroslav-1 elementor-position-top elementor-invisible elementor-widget elementor-widget-image-box\" data-id=\"6beb70f\" data-element_type=\"widget\" data-e-type=\"widget\" data-settings=\"{&quot;_animation&quot;:&quot;fadeInUp&quot;,&quot;_animation_delay&quot;:1200}\" data-widget_type=\"image-box.default\">\n\t\t\t\t<div class=\"elementor-widget-container\">\n\t\t\t\t\t<div class=\"elementor-image-box-wrapper\"><figure class=\"elementor-image-box-img\"><a href=\"http:\/\/pop-up-Miroslav-1\" tabindex=\"-1\"><img loading=\"lazy\" decoding=\"async\" width=\"251\" height=\"300\" src=\"https:\/\/www.arete.eu\/wp-content\/uploads\/2024\/12\/Miroslav-Barnas-e1739255057817-251x300.webp\" class=\"attachment-medium size-medium wp-image-2627\" alt=\"\" srcset=\"https:\/\/www.arete.eu\/wp-content\/uploads\/2024\/12\/Miroslav-Barnas-e1739255057817-251x300.webp 251w, https:\/\/www.arete.eu\/wp-content\/uploads\/2024\/12\/Miroslav-Barnas-e1739255057817.webp 434w\" sizes=\"(max-width: 251px) 100vw, 251px\" \/><\/a><\/figure><div class=\"elementor-image-box-content\"><h2 class=\"elementor-image-box-title\"><a href=\"http:\/\/pop-up-Miroslav-1\">Miroslav Barn\u00e1\u0161<\/a><\/h2><p class=\"elementor-image-box-description\">Investi\u010dn\u00ed \u0159editel pro strategii <br> nemovitost\u00ed<\/p><\/div><\/div>\t\t\t\t<\/div>\n\t\t\t\t<\/div>\n\t\t\t\t<\/div>\n\t\t<div class=\"elementor-element elementor-element-e1e0d66 e-con-full text-dec e-flex wpr-particle-no wpr-jarallax-no wpr-parallax-no wpr-sticky-section-no e-con e-child\" data-id=\"e1e0d66\" data-element_type=\"container\" data-e-type=\"container\">\n\t\t\t\t<div class=\"elementor-element elementor-element-1f84e30 animated-slow pop-up-Pacovsky-1 elementor-position-top elementor-invisible elementor-widget elementor-widget-image-box\" data-id=\"1f84e30\" data-element_type=\"widget\" data-e-type=\"widget\" data-settings=\"{&quot;_animation&quot;:&quot;fadeInUp&quot;,&quot;_animation_delay&quot;:900}\" data-widget_type=\"image-box.default\">\n\t\t\t\t<div class=\"elementor-widget-container\">\n\t\t\t\t\t<div class=\"elementor-image-box-wrapper\"><figure class=\"elementor-image-box-img\"><a href=\"http:\/\/pop-up-Pacovsky-1\" tabindex=\"-1\"><img loading=\"lazy\" decoding=\"async\" width=\"251\" height=\"300\" src=\"https:\/\/www.arete.eu\/wp-content\/uploads\/2024\/12\/Martin-Pacovsky-251x300.webp\" class=\"attachment-medium size-medium wp-image-2626\" alt=\"\" srcset=\"https:\/\/www.arete.eu\/wp-content\/uploads\/2024\/12\/Martin-Pacovsky-251x300.webp 251w, https:\/\/www.arete.eu\/wp-content\/uploads\/2024\/12\/Martin-Pacovsky.webp 434w\" sizes=\"(max-width: 251px) 100vw, 251px\" \/><\/a><\/figure><div class=\"elementor-image-box-content\"><h2 class=\"elementor-image-box-title\"><a href=\"http:\/\/pop-up-Pacovsky-1\">Martin Pacovsk\u00fd<\/a><\/h2><p class=\"elementor-image-box-description\">Investi\u010dn\u00ed \u0159editel pro strategii <br>  energetick\u00e9 transformace<\/p><\/div><\/div>\t\t\t\t<\/div>\n\t\t\t\t<\/div>\n\t\t\t\t<\/div>\n\t\t<div class=\"elementor-element elementor-element-d518052 e-con-full text-dec e-flex wpr-particle-no wpr-jarallax-no wpr-parallax-no wpr-sticky-section-no e-con e-child\" data-id=\"d518052\" data-element_type=\"container\" data-e-type=\"container\">\n\t\t\t\t<div class=\"elementor-element elementor-element-0ce2b29 animated-slow pop-up-david-cz elementor-position-top elementor-invisible elementor-widget elementor-widget-image-box\" data-id=\"0ce2b29\" data-element_type=\"widget\" data-e-type=\"widget\" data-settings=\"{&quot;_animation&quot;:&quot;fadeInUp&quot;,&quot;_animation_delay&quot;:900}\" data-widget_type=\"image-box.default\">\n\t\t\t\t<div class=\"elementor-widget-container\">\n\t\t\t\t\t<div class=\"elementor-image-box-wrapper\"><figure class=\"elementor-image-box-img\"><a href=\"http:\/\/.pop-up-david-cz\" tabindex=\"-1\"><img loading=\"lazy\" decoding=\"async\" width=\"250\" height=\"300\" src=\"https:\/\/www.arete.eu\/wp-content\/uploads\/2025\/08\/outer-JosefVojta.webp\" class=\"attachment-medium size-medium wp-image-18080\" alt=\"\" \/><\/a><\/figure><div class=\"elementor-image-box-content\"><h2 class=\"elementor-image-box-title\"><a href=\"http:\/\/.pop-up-david-cz\">Josef Vojta<\/a><\/h2><p class=\"elementor-image-box-description\">\u0158editel tvorby kapit\u00e1lu, distribuce<\/p><\/div><\/div>\t\t\t\t<\/div>\n\t\t\t\t<\/div>\n\t\t\t\t<\/div>\n\t\t\t\t<\/div>\n\t\t<div class=\"elementor-element elementor-element-808a8de e-con-full e-flex wpr-particle-no wpr-jarallax-no wpr-parallax-no wpr-sticky-section-no e-con e-child\" data-id=\"808a8de\" data-element_type=\"container\" data-e-type=\"container\">\n\t\t<div class=\"elementor-element elementor-element-907ac1f e-con-full text-dec e-flex wpr-particle-no wpr-jarallax-no wpr-parallax-no wpr-sticky-section-no e-con e-child\" data-id=\"907ac1f\" data-element_type=\"container\" data-e-type=\"container\">\n\t\t\t\t<div class=\"elementor-element elementor-element-c1f40a0 animated-slow g-col-2 pop-up-Alica-1 elementor-position-top elementor-invisible elementor-widget elementor-widget-image-box\" data-id=\"c1f40a0\" data-element_type=\"widget\" data-e-type=\"widget\" data-settings=\"{&quot;_animation&quot;:&quot;fadeInUp&quot;,&quot;_animation_delay&quot;:300}\" data-widget_type=\"image-box.default\">\n\t\t\t\t<div class=\"elementor-widget-container\">\n\t\t\t\t\t<div class=\"elementor-image-box-wrapper\"><figure class=\"elementor-image-box-img\"><a href=\"http:\/\/pop-up-Alica-1\" tabindex=\"-1\"><img loading=\"lazy\" decoding=\"async\" width=\"251\" height=\"300\" src=\"https:\/\/www.arete.eu\/wp-content\/uploads\/2024\/12\/Alica-Koblovska-251x300.webp\" class=\"attachment-medium size-medium wp-image-2622\" alt=\"\" srcset=\"https:\/\/www.arete.eu\/wp-content\/uploads\/2024\/12\/Alica-Koblovska-251x300.webp 251w, https:\/\/www.arete.eu\/wp-content\/uploads\/2024\/12\/Alica-Koblovska.webp 433w\" sizes=\"(max-width: 251px) 100vw, 251px\" \/><\/a><\/figure><div class=\"elementor-image-box-content\"><h2 class=\"elementor-image-box-title\"><a href=\"http:\/\/pop-up-Alica-1\">Alica Koblovsk\u00e1  <\/a><\/h2><p class=\"elementor-image-box-description\">Vedouc\u00ed pr\u00e1vn\u00edho odd\u011blen\u00ed<\/p><\/div><\/div>\t\t\t\t<\/div>\n\t\t\t\t<\/div>\n\t\t\t\t<\/div>\n\t\t<div class=\"elementor-element elementor-element-58e3295 e-con-full text-dec e-flex wpr-particle-no wpr-jarallax-no wpr-parallax-no wpr-sticky-section-no e-con e-child\" data-id=\"58e3295\" data-element_type=\"container\" data-e-type=\"container\">\n\t\t\t\t<div class=\"elementor-element elementor-element-459577e animated-slow pop-up-Martin-1 elementor-position-top elementor-invisible elementor-widget elementor-widget-image-box\" data-id=\"459577e\" data-element_type=\"widget\" data-e-type=\"widget\" data-settings=\"{&quot;_animation&quot;:&quot;fadeInUp&quot;,&quot;_animation_delay&quot;:300}\" data-widget_type=\"image-box.default\">\n\t\t\t\t<div class=\"elementor-widget-container\">\n\t\t\t\t\t<div class=\"elementor-image-box-wrapper\"><figure class=\"elementor-image-box-img\"><a href=\"http:\/\/pop-up-Martin-1\" tabindex=\"-1\"><img loading=\"lazy\" decoding=\"async\" width=\"251\" height=\"300\" src=\"https:\/\/www.arete.eu\/wp-content\/uploads\/2025\/03\/Martin-Konecny-251x300-1.webp\" class=\"attachment-medium size-medium wp-image-13432\" alt=\"\" \/><\/a><\/figure><div class=\"elementor-image-box-content\"><h2 class=\"elementor-image-box-title\"><a href=\"http:\/\/pop-up-Martin-1\">Martin Kone\u010dn\u00fd<\/a><\/h2><p class=\"elementor-image-box-description\">Finan\u010dn\u00ed \u0159editel\n<\/p><\/div><\/div>\t\t\t\t<\/div>\n\t\t\t\t<\/div>\n\t\t\t\t<\/div>\n\t\t<div class=\"elementor-element elementor-element-5b31eaf e-con-full text-dec e-flex wpr-particle-no wpr-jarallax-no wpr-parallax-no wpr-sticky-section-no e-con e-child\" data-id=\"5b31eaf\" data-element_type=\"container\" data-e-type=\"container\">\n\t\t\t\t<\/div>\n\t\t\t\t<\/div>\n\t\t\t\t\t<\/div>\n\t\t\t\t<\/div>\n\t\t\t\t<\/div>\n\t\t","protected":false},"excerpt":{"rendered":"<p>N\u00e1\u0161 t\u00fdm Linkedin-in Instagram Facebook-f Management s bohat\u00fdmi zku\u0161enostmi s proch\u00e1zen\u00edm tr\u017en\u00edch cykl\u016f Skupina ARETE\u00a0poskytuje p\u0159\u00edstup k alternativn\u00edm \u0159e\u0161en\u00edm prost\u0159ednictv\u00edm specializovan\u00e9ho t\u00fdmu investi\u010dn\u00edch a obchodn\u00edch pracovn\u00edk\u016f. Ka\u017ed\u00e1 z investi\u010dn\u00edch strategi\u00ed ARETE je vedena skupinou zku\u0161en\u00fdch investi\u010dn\u00edch profesion\u00e1l\u016f. Postupem \u010dasu n\u00e1\u0161 t\u00fdm vyvinul investi\u010dn\u00ed \u0159e\u0161en\u00ed, kter\u00e1 spl\u0148uj\u00ed pot\u0159eby na\u0161ich nejn\u00e1ro\u010dn\u011bj\u0161\u00edch klient\u016f. P\u0159\u00edstup ke spr\u00e1v\u011b aktiv zam\u011b\u0159en\u00fd na v\u00fdzkum spolu s pe\u010dlivou prax\u00ed zaji\u0161\u0165uje sd\u00edlen\u00ed znalost\u00ed a n\u00e1pad\u016f nap\u0159\u00ed\u010d na\u0161imi investi\u010dn\u00edmi platformami. Robert Ides \u0158\u00edd\u00edc\u00ed partner, spoluzakladatel Lubor Svoboda Partner, spoluzakladatel Miroslav Barn\u00e1\u0161 Investi\u010dn\u00ed \u0159editel pro strategii nemovitost\u00ed Martin Pacovsk\u00fd Investi\u010dn\u00ed \u0159editel pro strategii energetick\u00e9 transformace Josef Vojta \u0158editel tvorby kapit\u00e1lu, distribuce Alica Koblovsk\u00e1 Vedouc\u00ed pr\u00e1vn\u00edho odd\u011blen\u00ed Martin Kone\u010dn\u00fd Finan\u010dn\u00ed \u0159editel<\/p>\n","protected":false},"author":6,"featured_media":0,"parent":0,"menu_order":0,"comment_status":"closed","ping_status":"closed","template":"","meta":{"_acf_changed":false,"footnotes":""},"class_list":["post-9080","page","type-page","status-publish","hentry"],"acf":[],"rttpg_featured_image_url":null,"rttpg_author":{"display_name":"newadmin","author_link":"https:\/\/www.arete.eu\/cs\/author\/newadmin\/"},"rttpg_comment":0,"rttpg_category":" <a href=\"https:\/\/www.arete.eu\/cs\/?taxonomy=translation_priority&#038;term=optional-cs\" rel=\"tag\">Optional<\/a>","rttpg_excerpt":"N\u00e1\u0161 t\u00fdm Linkedin-in Instagram Facebook-f Management s bohat\u00fdmi zku\u0161enostmi s proch\u00e1zen\u00edm tr\u017en\u00edch cykl\u016f Skupina ARETE\u00a0poskytuje p\u0159\u00edstup k alternativn\u00edm \u0159e\u0161en\u00edm prost\u0159ednictv\u00edm specializovan\u00e9ho t\u00fdmu investi\u010dn\u00edch a obchodn\u00edch pracovn\u00edk\u016f. Ka\u017ed\u00e1 z investi\u010dn\u00edch strategi\u00ed ARETE je vedena skupinou zku\u0161en\u00fdch investi\u010dn\u00edch profesion\u00e1l\u016f. Postupem \u010dasu n\u00e1\u0161 t\u00fdm vyvinul investi\u010dn\u00ed \u0159e\u0161en\u00ed, kter\u00e1 spl\u0148uj\u00ed pot\u0159eby na\u0161ich nejn\u00e1ro\u010dn\u011bj\u0161\u00edch klient\u016f. P\u0159\u00edstup ke spr\u00e1v\u011b aktiv zam\u011b\u0159en\u00fd&hellip;","_links":{"self":[{"href":"https:\/\/www.arete.eu\/cs\/wp-json\/wp\/v2\/pages\/9080","targetHints":{"allow":["GET"]}}],"collection":[{"href":"https:\/\/www.arete.eu\/cs\/wp-json\/wp\/v2\/pages"}],"about":[{"href":"https:\/\/www.arete.eu\/cs\/wp-json\/wp\/v2\/types\/page"}],"author":[{"embeddable":true,"href":"https:\/\/www.arete.eu\/cs\/wp-json\/wp\/v2\/users\/6"}],"replies":[{"embeddable":true,"href":"https:\/\/www.arete.eu\/cs\/wp-json\/wp\/v2\/comments?post=9080"}],"version-history":[{"count":112,"href":"https:\/\/www.arete.eu\/cs\/wp-json\/wp\/v2\/pages\/9080\/revisions"}],"predecessor-version":[{"id":18867,"href":"https:\/\/www.arete.eu\/cs\/wp-json\/wp\/v2\/pages\/9080\/revisions\/18867"}],"wp:attachment":[{"href":"https:\/\/www.arete.eu\/cs\/wp-json\/wp\/v2\/media?parent=9080"}],"curies":[{"name":"wp","href":"https:\/\/api.w.org\/{rel}","templated":true}]}}